{"id":22614,"date":"2020-08-04T09:02:26","date_gmt":"2020-08-04T09:02:26","guid":{"rendered":"https:\/\/3ddb.es\/?page_id=22614"},"modified":"2025-09-01T08:23:12","modified_gmt":"2025-09-01T08:23:12","slug":"contactanos","status":"publish","type":"page","link":"https:\/\/3ddb.es\/index.php\/contactanos\/","title":{"rendered":"Hola. Estamos listos  para hablar de tus proyectos."},"content":{"rendered":"<section id=\"about\" data-vc-full-width=\"true\" data-vc-full-width-init=\"false\" class=\"vc_row wpb_row vc_row-fluid  vc_custom_1509788721579 wow fadeIn vc_column-gap-30 pofo-stretch-content pofo-stretch-row-container vc_row-o-equal-height vc_row-flex pofo-row-responsive-69d2d52b12e8b\"><div class=\"wpb_column vc_column_container vc_col-has-fill vc_col-sm-12 vc_col-md-12 vc_col-xs-12 wow fadeInRight text-center pofo-column-responsive-69d2d52b12f71\"><div class=\"vc_column-inner vc_custom_1687165610207\"><div class=\"wpb_wrapper\"><div class=\"vc_row wpb_row vc_inner vc_row-fluid  vc_custom_1507632451816 pofo-inner-row-responsive-69d2d52b13029\"><div class=\"wpb_column vc_column_container vc_col-sm-12  col-xs-mobile-fullwidth sm-text-center\"><div class=\"vc_column-inner \"><div class=\"wpb_wrapper\">[vc_single_image image=\u00bb22618&#8243; img_size=\u00bbfull\u00bb alignment=\u00bbcenter\u00bb style=\u00bbvc_box_rounded\u00bb]<span class=\"text-extra-dark-gray margin-20px-bottom font-weight-600 display-inline-block alt-font heading-style2  vc_custom_1596532008520 pofo-button-responsive-69d2d52b1314a  heading-1\"  style=\"font-size: 18px; line-height: 26px;\" data-fontsize=\"18px\" data-lineheight=\"26px\">Pensar, sentir, imaginar... comunicar.<\/span><div class=\"last-paragraph-no-margin\"><p style=\"text-align: center;\">Conoce un poco m\u00e1s sobre nuestro estudio , enfoque y filosof\u00eda que tenemos. Seguro que nos entendemos.<\/p>\n<\/div><a  href=\"https:\/\/3ddb.es\/index.php\/nosotros\/\" target=\"_self\" class=\"btn pofo-button-1 button-style1  btn-dark-gray  btn-small   vc_custom_1596532317257\" >NUESTRA EMPRESA<\/a><\/div><\/div><\/div><\/div><\/div><\/div><\/div><\/section><div class=\"vc_row-full-width vc_clearfix\"><\/div><section data-vc-full-width=\"true\" data-vc-full-width-init=\"false\" data-vc-stretch-content=\"true\" class=\"vc_row wpb_row vc_row-fluid equalize vc_custom_1507629547198 wow fadeIn vc_row-has-fill pofo-stretch-content vc_row-no-padding\"><div class=\"wpb_column vc_column_container vc_col-sm-12 vc_col-lg-4 vc_col-md-4 col-xs-mobile-fullwidth\"><div class=\"vc_column-inner vc_custom_1507629614302\"><div class=\"wpb_wrapper\"><div class=\"featurebox20 pofo-featurebox feature-box-wrap image-hover-style-3 bg-light-gray overflow-hidden featurebox20-1\" ><div class=\"width-100 display-table position-relative cover-background small-screen xs-height-300px bg-image-srcset\" style=\"background-image: url(https:\/\/3ddb.es\/wp-content\/uploads\/2020\/08\/CONTACT_globos.jpg)\" data-bg-srcset=\"https:\/\/3ddb.es\/wp-content\/uploads\/2020\/08\/CONTACT_globos.jpg 1200w, https:\/\/3ddb.es\/wp-content\/uploads\/2020\/08\/CONTACT_globos-300x225.jpg 300w, https:\/\/3ddb.es\/wp-content\/uploads\/2020\/08\/CONTACT_globos-1024x768.jpg 1024w, https:\/\/3ddb.es\/wp-content\/uploads\/2020\/08\/CONTACT_globos-768x576.jpg 768w, https:\/\/3ddb.es\/wp-content\/uploads\/2020\/08\/CONTACT_globos-1028x771.jpg 1028w, https:\/\/3ddb.es\/wp-content\/uploads\/2020\/08\/CONTACT_globos-81x61.jpg 81w, https:\/\/3ddb.es\/wp-content\/uploads\/2020\/08\/CONTACT_globos-600x450.jpg 600w\"><\/div><div class=\"width-100 display-table small-screen xs-height-300px arrow-top\">\n                                    <div class=\"display-table-cell vertical-align-middle text-center padding-eighteen-lr md-padding-twelve-lr sm-padding-fifteen-all sm-padding-ten-lr xs-padding-five-lr xs-padding-fourteen-tb\"><i class=\"link-icon margin-25px-bottom text-deep-pink icon-map icon-medium\"><\/i><div class=\"text-extra-dark-gray alt-font width-95 center-col xs-margin-15px-bottom margin-5px-bottom\" style=\"font-weight: 600;\">DIRECCI\u00d3N<\/div><div class=\"no-letter-spacing padding-two-lr line-height-26 xs-line-height-20 last-paragraph-no-margin\"><p class=\"width-60 center-col text-medium md-width-100\">Av. de Manoteras, 12<br \/>\n28050 Madrid<\/p>\n<\/div>    <\/div>\n                                <\/div><\/div><\/div><\/div><\/div><div class=\"wpb_column vc_column_container vc_col-sm-12 vc_col-lg-4 vc_col-md-4 col-xs-mobile-fullwidth\"><div class=\"vc_column-inner \"><div class=\"wpb_wrapper\"><div class=\"sm-swap-block featurebox20 pofo-featurebox sm-swap-block feature-box-wrap image-hover-style-3 bg-light-gray overflow-hidden featurebox20-2\" ><div class=\"width-100 display-table small-screen xs-height-300px arrow-bottom\">\n                                    <div class=\"display-table-cell vertical-align-middle text-center padding-eighteen-lr md-padding-twelve-lr sm-padding-fifteen-all sm-padding-ten-lr xs-padding-five-lr xs-padding-fourteen-tb\"><i class=\"link-icon margin-25px-bottom text-deep-pink icon-chat icon-medium\"><\/i><div class=\"text-extra-dark-gray alt-font width-95 center-col xs-margin-15px-bottom margin-5px-bottom\" style=\"font-weight: 600;\">HABLEMOS<\/div><div class=\"no-letter-spacing padding-two-lr line-height-26 xs-line-height-20 last-paragraph-no-margin\"><p class=\"center-col text-medium no-margin\">Tel\u00e9fono: 91 411 8860<\/p>\n<p class=\"center-col text-medium\">M\u00f3vil: 607 415 246<\/p>\n<\/div>    <\/div>\n                                <\/div><div class=\"width-100 display-table position-relative cover-background small-screen xs-height-300px bg-image-srcset\" style=\"background-image: url(https:\/\/3ddb.es\/wp-content\/uploads\/2020\/08\/CONTACT-telefono.jpg)\" data-bg-srcset=\"https:\/\/3ddb.es\/wp-content\/uploads\/2020\/08\/CONTACT-telefono.jpg 1200w, https:\/\/3ddb.es\/wp-content\/uploads\/2020\/08\/CONTACT-telefono-300x225.jpg 300w, https:\/\/3ddb.es\/wp-content\/uploads\/2020\/08\/CONTACT-telefono-1024x768.jpg 1024w, https:\/\/3ddb.es\/wp-content\/uploads\/2020\/08\/CONTACT-telefono-768x576.jpg 768w, https:\/\/3ddb.es\/wp-content\/uploads\/2020\/08\/CONTACT-telefono-1028x771.jpg 1028w, https:\/\/3ddb.es\/wp-content\/uploads\/2020\/08\/CONTACT-telefono-81x61.jpg 81w, https:\/\/3ddb.es\/wp-content\/uploads\/2020\/08\/CONTACT-telefono-600x450.jpg 600w\"><\/div><\/div><\/div><\/div><\/div><div class=\"wpb_column vc_column_container vc_col-sm-12 vc_col-lg-4 vc_col-md-4 col-xs-mobile-fullwidth\"><div class=\"vc_column-inner vc_custom_1507629671749\"><div class=\"wpb_wrapper\"><div class=\"featurebox20 pofo-featurebox feature-box-wrap image-hover-style-3 bg-light-gray overflow-hidden featurebox20-3\" ><div class=\"width-100 display-table position-relative cover-background small-screen xs-height-300px bg-image-srcset\" style=\"background-image: url(https:\/\/3ddb.es\/wp-content\/uploads\/2020\/08\/CONTACT-buzon.jpg)\" data-bg-srcset=\"https:\/\/3ddb.es\/wp-content\/uploads\/2020\/08\/CONTACT-buzon.jpg 1200w, https:\/\/3ddb.es\/wp-content\/uploads\/2020\/08\/CONTACT-buzon-300x225.jpg 300w, https:\/\/3ddb.es\/wp-content\/uploads\/2020\/08\/CONTACT-buzon-1024x768.jpg 1024w, https:\/\/3ddb.es\/wp-content\/uploads\/2020\/08\/CONTACT-buzon-768x576.jpg 768w, https:\/\/3ddb.es\/wp-content\/uploads\/2020\/08\/CONTACT-buzon-1028x771.jpg 1028w, https:\/\/3ddb.es\/wp-content\/uploads\/2020\/08\/CONTACT-buzon-81x61.jpg 81w, https:\/\/3ddb.es\/wp-content\/uploads\/2020\/08\/CONTACT-buzon-600x450.jpg 600w\"><\/div><div class=\"width-100 display-table small-screen xs-height-300px arrow-top\">\n                                    <div class=\"display-table-cell vertical-align-middle text-center padding-eighteen-lr md-padding-twelve-lr sm-padding-fifteen-all sm-padding-ten-lr xs-padding-five-lr xs-padding-fourteen-tb\"><i class=\"link-icon margin-25px-bottom text-deep-pink icon-envelope icon-medium\"><\/i><div class=\"text-extra-dark-gray alt-font width-95 center-col xs-margin-15px-bottom margin-5px-bottom\" style=\"font-weight: 600;\">EMAIL<\/div><div class=\"no-letter-spacing padding-two-lr line-height-26 xs-line-height-20 last-paragraph-no-margin\"><p class=\"center-col text-medium no-margin\"><a href=\"mailto:info@3ddb.es\">info@3ddb.es<\/a><\/p>\n<p class=\"center-col text-medium\"><a href=\"mailto:raul.renzi@3ddb.es\">raul.renzi@3ddb.es<\/a><\/p>\n<\/div>    <\/div>\n                                <\/div><\/div><\/div><\/div><\/div><\/section><div class=\"vc_row-full-width vc_clearfix\"><\/div><section class=\"vc_row wpb_row vc_row-fluid   wow fadeIn\"><div class=\"wpb_column vc_column_container vc_col-sm-1 vc_col-lg-2 vc_col-md-2 vc_hidden-xs col-xs-mobile-fullwidth\"><div class=\"vc_column-inner \"><div class=\"wpb_wrapper\"><\/div><\/div><\/div><div class=\"wpb_column vc_column_container vc_col-sm-10 vc_col-lg-8 vc_col-md-8 vc_col-xs-12 text-center pofo-column-responsive-69d2d52b14142\"><div class=\"vc_column-inner vc_custom_1507629737370\"><div class=\"wpb_wrapper\"><h6 class=\"text-extra-dark-gray margin-20px-bottom font-weight-600 display-inline-block alt-font text-uppercase heading-style2  vc_custom_1596533193731 pofo-button-responsive-69d2d52b141f5  heading-2\"  style=\"width: 80%;\">ECHA UN VISTAZO A ALGUNOS DE NUESTROS \u00daLTIMOS TRABAJOS<\/h6><a  href=\"https:\/\/3ddb.es\/\" target=\"_self\" class=\"btn btn-deep-pink pofo-button-2 button-style5  btn-dark-gray btn-rounded  btn-medium \" >VER PORTFOLIO<\/a><\/div><\/div><\/div><div class=\"wpb_column vc_column_container vc_col-sm-1 vc_col-lg-2 vc_col-md-2 vc_hidden-xs col-xs-mobile-fullwidth\"><div class=\"vc_column-inner \"><div class=\"wpb_wrapper\"><\/div><\/div><\/div><\/section>\n","protected":false},"excerpt":{"rendered":"[vc_single_image image=\"22618\" img_size=\"full\" alignment=\"center\" style=\"vc_box_rounded\"]Pensar, sentir, imaginar... comunicar.Conoce un poco m\u00e1s sobre nuestro estudio , enfoque y filosof\u00eda que tenemos. Seguro que nos entendemos. NUESTRA EMPRESA DIRECCI\u00d3NAv. de Manoteras, 12 28050 Madrid HABLEMOSTel\u00e9fono: 91 411 8860 M\u00f3vil: 607 415 246 EMAILinfo@3ddb.es raul.renzi@3ddb.es ECHA UN VISTAZO A ALGUNOS DE NUESTROS \u00daLTIMOS TRABAJOSVER PORTFOLIO","protected":false},"author":1,"featured_media":0,"parent":0,"menu_order":0,"comment_status":"closed","ping_status":"closed","template":"","meta":[],"_links":{"self":[{"href":"https:\/\/3ddb.es\/index.php\/wp-json\/wp\/v2\/pages\/22614"}],"collection":[{"href":"https:\/\/3ddb.es\/index.php\/wp-json\/wp\/v2\/pages"}],"about":[{"href":"https:\/\/3ddb.es\/index.php\/wp-json\/wp\/v2\/types\/page"}],"author":[{"embeddable":true,"href":"https:\/\/3ddb.es\/index.php\/wp-json\/wp\/v2\/users\/1"}],"replies":[{"embeddable":true,"href":"https:\/\/3ddb.es\/index.php\/wp-json\/wp\/v2\/comments?post=22614"}],"version-history":[{"count":9,"href":"https:\/\/3ddb.es\/index.php\/wp-json\/wp\/v2\/pages\/22614\/revisions"}],"predecessor-version":[{"id":24217,"href":"https:\/\/3ddb.es\/index.php\/wp-json\/wp\/v2\/pages\/22614\/revisions\/24217"}],"wp:attachment":[{"href":"https:\/\/3ddb.es\/index.php\/wp-json\/wp\/v2\/media?parent=22614"}],"curies":[{"name":"wp","href":"https:\/\/api.w.org\/{rel}","templated":true}]}}