{"id":21683,"date":"2019-11-19T13:57:56","date_gmt":"2019-11-19T13:57:56","guid":{"rendered":"https:\/\/3ddb.es\/?page_id=21683"},"modified":"2024-10-22T10:43:39","modified_gmt":"2024-10-22T10:43:39","slug":"home-2","status":"publish","type":"page","link":"https:\/\/3ddb.es\/","title":{"rendered":"home"},"content":{"rendered":"<section data-vc-full-width=\"true\" data-vc-full-width-init=\"false\" data-vc-stretch-content=\"true\" data-stellar-background-ratio=\"0.5\" class=\"vc_row wpb_row vc_row-fluid  vc_custom_1596536089672 top-space vc_row-has-fill pofo-stretch-content vc_row-no-padding vc_row-o-content-middle vc_row-flex parallax pofo-row-responsive-69ff1cd5839be\" style=\"min-height: 700px;\"><div class=\"wpb_column vc_column_container vc_col-sm-12  col-xs-mobile-fullwidth pofo-column-responsive-69ff1cd583aa3\"><div class=\"vc_column-inner vc_custom_1507010124687\"><div class=\"wpb_wrapper\"><div class=\" vc_custom_1600337606107 last-paragraph-no-margin\" style=\"color: #ffffff;\"><p><span class=\"alt-font text-uppercase font-weight-600 text-extra-small text-extra-dark-gray letter-spacing-1 margin-25px-bottom xs-no-margin-bottom display-block xs-display-table sm-opacity10 parallax-category-text\" style=\"color: #ffffff;\">GR\u00c1FICA PROMOCIONAL<\/span><\/p>\n<\/div><div class=\"last-paragraph-no-margin\"><p><a class=\"text-extra-large alt-font text-extra-dark-gray bg-white parallax-title no-margin-bottom\" href=\"https:\/\/3ddb.es\/index.php\/portfolio\/grupo-unidad-editorial\/\">Grupo Unidad Editorial<\/a><\/p>\n<\/div><a  href=\"https:\/\/3ddb.es\/index.php\/portfolio\/grupo-unidad-editorial\/\" target=\"_self\" class=\"btn pofo-button-1 button-style1  btn-dark-gray  btn-very-small   vc_custom_1578571572311\"  style=\"border-color:#000000; \">VER PROYECTO<\/a><\/div><\/div><\/div><\/section><div class=\"vc_row-full-width vc_clearfix\"><\/div><section data-vc-full-width=\"true\" data-vc-full-width-init=\"false\" data-vc-stretch-content=\"true\" data-stellar-background-ratio=\"0.5\" class=\"vc_row wpb_row vc_row-fluid  vc_custom_1574245794131 vc_row-has-fill pofo-stretch-content vc_row-no-padding vc_row-o-content-bottom vc_row-flex parallax pofo-row-responsive-69ff1cd583c48\" style=\"min-height: 700px;\"><div class=\"wpb_column vc_column_container vc_col-sm-12  col-xs-mobile-fullwidth pofo-column-responsive-69ff1cd583d0b\"><div class=\"vc_column-inner vc_custom_1507010129365\"><div class=\"wpb_wrapper\"><div class=\"last-paragraph-no-margin\"><p class=\"p1\"><span class=\"alt-font text-uppercase font-weight-600 text-extra-small text-extra-dark-gray letter-spacing-1 margin-25px-bottom xs-no-margin-bottom display-block xs-display-table sm-opacity10 parallax-category-text\" style=\"color: #ffffff;\">DISE\u00d1O EDITORIAL + LIBRO<\/span><\/p>\n<\/div><div class=\"last-paragraph-no-margin\"><p><a class=\"text-extra-large alt-font text-extra-dark-gray bg-white parallax-title no-margin-bottom\" href=\"https:\/\/3ddb.es\/index.php\/portfolio\/amadeus-libro\/\">Amadeus <span class=\"s1\">\u00ab30 a\u00f1os\u00bb<\/span><\/a><\/p>\n<\/div><a  href=\"https:\/\/3ddb.es\/index.php\/portfolio\/amadeus-libro\/\" target=\"_self\" class=\"btn pofo-button-2 button-style1  btn-dark-gray  btn-very-small   vc_custom_1574171019947\"  style=\"border-color:#000000; \">VER PROYECTO<\/a><\/div><\/div><\/div><\/section><div class=\"vc_row-full-width vc_clearfix\"><\/div><section data-vc-full-width=\"true\" data-vc-full-width-init=\"false\" data-vc-stretch-content=\"true\" data-stellar-background-ratio=\"0\" class=\"vc_row wpb_row vc_row-fluid  vc_custom_1574246270095 vc_row-has-fill pofo-stretch-content vc_row-no-padding vc_row-o-content-bottom vc_row-flex parallax pofo-row-responsive-69ff1cd583e9c\" style=\"min-height: 700px;\"><div class=\"wpb_column vc_column_container vc_col-sm-12  col-xs-mobile-fullwidth pofo-column-responsive-69ff1cd583f51\"><div class=\"vc_column-inner vc_custom_1507005327125\"><div class=\"wpb_wrapper\"><div class=\"last-paragraph-no-margin\"><p class=\"p1\"><span class=\"alt-font text-uppercase font-weight-600 text-extra-small text-extra-dark-gray letter-spacing-1 margin-25px-bottom xs-no-margin-bottom display-block xs-display-table sm-opacity10 parallax-category-text\" style=\"color: #ffffff;\">IDENTIDAD CORPORATIVA<\/span><\/p>\n<\/div><div class=\"last-paragraph-no-margin\"><p><a class=\"text-extra-large alt-font text-extra-dark-gray bg-white parallax-title no-margin-bottom\" href=\"https:\/\/3ddb.es\/index.php\/portfolio\/el-bierzo\/\">CRDO Bierzo<\/a><\/p>\n<\/div><a  href=\"https:\/\/3ddb.es\/index.php\/portfolio\/el-bierzo\/\" target=\"_self\" class=\"btn pofo-button-3 button-style1  btn-dark-gray  btn-very-small   vc_custom_1592226544793\"  style=\"border-color:#000000; \">VER PROYECTO<\/a><\/div><\/div><\/div><\/section><div class=\"vc_row-full-width vc_clearfix\"><\/div><section data-vc-full-width=\"true\" data-vc-full-width-init=\"false\" data-vc-stretch-content=\"true\" data-stellar-background-ratio=\"0.5\" class=\"vc_row wpb_row vc_row-fluid  vc_custom_1574418559567 vc_row-has-fill pofo-stretch-content vc_row-no-padding vc_row-o-content-bottom vc_row-flex parallax pofo-row-responsive-69ff1cd5840d5\" style=\"min-height: 700px;\"><div class=\"wpb_column vc_column_container vc_col-sm-12  col-xs-mobile-fullwidth pofo-column-responsive-69ff1cd584187\"><div class=\"vc_column-inner vc_custom_1508301703014\"><div class=\"wpb_wrapper\"><div class=\"last-paragraph-no-margin\"><p><span class=\"alt-font text-uppercase font-weight-600 text-extra-small text-extra-dark-gray letter-spacing-1 margin-25px-bottom xs-no-margin-bottom display-block xs-display-table sm-opacity10 parallax-category-text\" style=\"color: #ffffff;\">IDENTIDAD CORPORATIVA + CREATIVIDAD PUBLICITARIA<\/span><\/p>\n<\/div><div class=\"last-paragraph-no-margin\"><p><a class=\"text-extra-large alt-font text-extra-dark-gray bg-white parallax-title no-margin-bottom\" href=\"https:\/\/3ddb.es\/index.php\/portfolio\/bmw-motorrad\/\">BMW Motorrad<\/a><\/p>\n<\/div><a  href=\"https:\/\/3ddb.es\/index.php\/portfolio\/bmw-motorrad\/\" target=\"_self\" class=\"btn pofo-button-4 button-style1  btn-dark-gray  btn-very-small   vc_custom_1574171283495\"  style=\"border-color:#000000; \">VER PROYECTO<\/a><\/div><\/div><\/div><\/section><div class=\"vc_row-full-width vc_clearfix\"><\/div><section data-vc-full-width=\"true\" data-vc-full-width-init=\"false\" data-vc-stretch-content=\"true\" data-stellar-background-ratio=\"0.5\" class=\"vc_row wpb_row vc_row-fluid  vc_custom_1574419364184 vc_row-has-fill pofo-stretch-content vc_row-no-padding vc_row-o-content-bottom vc_row-flex parallax pofo-row-responsive-69ff1cd584301\" style=\"min-height: 700px;\"><div class=\"wpb_column vc_column_container vc_col-sm-12  col-xs-mobile-fullwidth pofo-column-responsive-69ff1cd5843b3\"><div class=\"vc_column-inner vc_custom_1507010148416\"><div class=\"wpb_wrapper\"><div class=\"last-paragraph-no-margin\"><p class=\"p1\"><span class=\"alt-font text-uppercase font-weight-600 text-extra-small text-extra-dark-gray letter-spacing-1 margin-25px-bottom xs-no-margin-bottom display-block xs-display-table sm-opacity10 parallax-category-text\" style=\"color: #ffffff;\">DISE\u00d1O EDITORIAL + INFORME ANUAL<\/span><\/p>\n<\/div><div class=\"last-paragraph-no-margin\"><p><a class=\"text-extra-large alt-font text-extra-dark-gray bg-white parallax-title no-margin-bottom\" href=\"https:\/\/3ddb.es\/index.php\/portfolio\/atresmedia\/\">Atresmedia<\/a><\/p>\n<\/div><a  href=\"https:\/\/3ddb.es\/index.php\/portfolio\/atresmedia\/\" target=\"_self\" class=\"btn pofo-button-5 button-style1  btn-dark-gray  btn-very-small   vc_custom_1578573330626\"  style=\"border-color:#000000; \">VER PROYECTO<\/a><\/div><\/div><\/div><\/section><div class=\"vc_row-full-width vc_clearfix\"><\/div><section data-vc-full-width=\"true\" data-vc-full-width-init=\"false\" data-vc-stretch-content=\"true\" data-stellar-background-ratio=\"0.5\" class=\"vc_row wpb_row vc_row-fluid  vc_custom_1659436763015 vc_row-has-fill pofo-stretch-content vc_row-no-padding vc_row-o-content-bottom vc_row-flex parallax pofo-row-responsive-69ff1cd584535\" style=\"min-height: 700px;\"><div class=\"wpb_column vc_column_container vc_col-sm-12  col-xs-mobile-fullwidth pofo-column-responsive-69ff1cd5845ed\"><div class=\"vc_column-inner vc_custom_1507010153342\"><div class=\"wpb_wrapper\"><div class=\"last-paragraph-no-margin\"><p><span class=\"alt-font text-uppercase font-weight-600 text-extra-small text-extra-dark-gray letter-spacing-1 margin-25px-bottom xs-no-margin-bottom display-block xs-display-table sm-opacity10 parallax-category-text\" style=\"color: #ffffff;\">DISE\u00d1O EDITORIAL + INFORME ANUAL<\/span><\/p>\n<\/div><div class=\"last-paragraph-no-margin\"><p><a class=\"text-extra-large alt-font text-extra-dark-gray bg-white parallax-title no-margin-bottom\" href=\"https:\/\/3ddb.es\/index.php\/portfolio\/xunta-de-galicia\/\">Xunta de Galicia<\/a><\/p>\n<\/div><a  href=\"https:\/\/3ddb.es\/index.php\/portfolio\/xunta-de-galicia\/\" target=\"_self\" class=\"btn pofo-button-6 button-style1  btn-dark-gray  btn-very-small   vc_custom_1659436822642\"  style=\"border-color:#000000; \">VER PROYECTO<\/a><\/div><\/div><\/div><\/section><div class=\"vc_row-full-width vc_clearfix\"><\/div><section data-vc-full-width=\"true\" data-vc-full-width-init=\"false\" data-vc-stretch-content=\"true\" data-stellar-background-ratio=\"0.1\" class=\"vc_row wpb_row vc_row-fluid  vc_custom_1599811615663 vc_row-has-fill pofo-stretch-content vc_row-no-padding parallax pofo-row-responsive-69ff1cd58475e\" style=\"min-height: 700px;\"><div class=\"wpb_column vc_column_container vc_col-sm-12  col-xs-mobile-fullwidth pofo-column-responsive-69ff1cd58480c\"><div class=\"vc_column-inner vc_custom_1599812329620\"><div class=\"wpb_wrapper\"><div class=\" vc_custom_1600337731760 last-paragraph-no-margin\"><p><span class=\"alt-font text-uppercase font-weight-600 text-extra-small text-extra-dark-gray letter-spacing-1 margin-25px-bottom xs-no-margin-bottom display-block xs-display-table sm-opacity10 parallax-category-text\" style=\"color: #ffffff;\">IDENTIDAD CORPORATIVA + CREATIVIDAD PUBLICITARIA<\/span><\/p>\n<\/div><div class=\"last-paragraph-no-margin\"><p><a class=\"text-extra-large alt-font text-extra-dark-gray bg-white parallax-title no-margin-bottom\" href=\"https:\/\/3ddb.es\/index.php\/portfolio\/port-adriano\/\">Port Adriano<\/a><\/p>\n<\/div><a  href=\"https:\/\/3ddb.es\/index.php\/portfolio\/port-adriano\/\" target=\"_self\" class=\"btn pofo-button-7 button-style1  btn-dark-gray  btn-very-small \" >VER PROYECTO<\/a><\/div><\/div><\/div><\/section><div class=\"vc_row-full-width vc_clearfix\"><\/div><section data-vc-full-width=\"true\" data-vc-full-width-init=\"false\" data-vc-stretch-content=\"true\" data-stellar-background-ratio=\"0.5\" class=\"vc_row wpb_row vc_row-fluid  vc_custom_1596540956217 vc_row-has-fill pofo-stretch-content vc_row-no-padding parallax pofo-row-responsive-69ff1cd584979\" style=\"min-height: 700px;\"><div class=\"wpb_column vc_column_container vc_col-sm-12  col-xs-mobile-fullwidth pofo-column-responsive-69ff1cd584a28\"><div class=\"vc_column-inner vc_custom_1599812351996\"><div class=\"wpb_wrapper\"><div class=\" vc_custom_1600337745744 last-paragraph-no-margin\"><p><span class=\"alt-font text-uppercase font-weight-600 text-extra-small text-extra-dark-gray letter-spacing-1 margin-25px-bottom xs-no-margin-bottom display-block xs-display-table sm-opacity10 parallax-category-text\" style=\"color: #ffffff;\">ETIQUETAS PARA ENVASES<\/span><\/p>\n<\/div><div class=\"last-paragraph-no-margin\"><p><a class=\"text-extra-large alt-font text-extra-dark-gray bg-white parallax-title no-margin-bottom\" href=\"https:\/\/3ddb.es\/index.php\/portfolio\/packaging\/\">Packaging <\/a><\/p>\n<\/div><a  href=\"https:\/\/3ddb.es\/index.php\/portfolio\/packaging\/\" target=\"_self\" class=\"btn pofo-button-8 button-style1  btn-dark-gray  btn-very-small \" >VER PROYECTO<\/a><\/div><\/div><\/div><\/section><div class=\"vc_row-full-width vc_clearfix\"><\/div><section data-vc-full-width=\"true\" data-vc-full-width-init=\"false\" data-vc-stretch-content=\"true\" data-stellar-background-ratio=\"0.5\" class=\"vc_row wpb_row vc_row-fluid  vc_custom_1666348730092 vc_row-has-fill pofo-stretch-content vc_row-no-padding parallax pofo-row-responsive-69ff1cd584b88\" style=\"min-height: 700px;\"><div class=\"wpb_column vc_column_container vc_col-sm-12  col-xs-mobile-fullwidth\"><div class=\"vc_column-inner vc_custom_1666350767325\"><div class=\"wpb_wrapper\"><div class=\"last-paragraph-no-margin\"><p><span class=\"alt-font text-uppercase font-weight-600 text-extra-small text-extra-dark-gray letter-spacing-1 margin-25px-bottom xs-no-margin-bottom display-block xs-display-table sm-opacity10 parallax-category-text\" style=\"color: #ffffff;\">CREATIVIDAD PUBLICITARIA<\/span><\/p>\n<\/div><div class=\"last-paragraph-no-margin\"><p><a class=\"text-extra-large alt-font text-extra-dark-gray bg-white parallax-title no-margin-bottom\" href=\"https:\/\/3ddb.es\/index.php\/portfolio\/la-tienda-en-casa\/\">La Tienda en Casa<\/a><\/p>\n<\/div><a  href=\"https:\/\/3ddb.es\/index.php\/portfolio\/la-tienda-en-casa\/\" target=\"_self\" class=\"btn pofo-button-9 button-style1  btn-dark-gray  btn-small \" >VER PROYECTO<\/a><\/div><\/div><\/div><\/section><div class=\"vc_row-full-width vc_clearfix\"><\/div><section data-vc-full-width=\"true\" data-vc-full-width-init=\"false\" data-vc-stretch-content=\"true\" data-stellar-background-ratio=\"0.1\" class=\"vc_row wpb_row vc_row-fluid  vc_custom_1685358802628 vc_row-has-fill pofo-stretch-content vc_row-no-padding parallax\" style=\"min-height: 700px;\"><div class=\"wpb_column vc_column_container vc_col-sm-12  col-xs-mobile-fullwidth\"><div class=\"vc_column-inner vc_custom_1684753819582\"><div class=\"wpb_wrapper\"><div class=\"last-paragraph-no-margin\"><p><span class=\"alt-font text-uppercase font-weight-600 text-extra-small text-extra-dark-gray letter-spacing-1 margin-25px-bottom xs-no-margin-bottom display-block xs-display-table sm-opacity10 parallax-category-text\" style=\"color: #ffffff;\">CAMPA\u00d1AS DE COMUNICACI\u00d3N<\/span><\/p>\n<\/div><div class=\"last-paragraph-no-margin\"><p><a class=\"text-extra-large alt-font text-extra-dark-gray bg-white parallax-title no-margin-bottom\" href=\"https:\/\/3ddb.es\/index.php\/portfolio\/comunidad-de-madrid\/\">Comunidad de Madrid<\/a><\/p>\n<\/div><a  href=\"https:\/\/3ddb.es\/index.php\/portfolio\/comunidad-de-madrid\/\" target=\"_self\" class=\"btn pofo-button-10 button-style1  btn-dark-gray\" ><i class=\" icon-small  margin-5px-right no-margin-left\" aria-hidden=\"true\"><\/i>VER PROYECTO<\/a><\/div><\/div><\/div><\/section><div class=\"vc_row-full-width vc_clearfix\"><\/div><section data-vc-full-width=\"true\" data-vc-full-width-init=\"false\" data-vc-stretch-content=\"true\" data-stellar-background-ratio=\"0.1\" class=\"vc_row wpb_row vc_row-fluid  vc_custom_1729592171310 vc_row-has-fill pofo-stretch-content vc_row-no-padding parallax\" style=\"min-height: 700px;\"><div class=\"wpb_column vc_column_container vc_col-sm-12  col-xs-mobile-fullwidth\"><div class=\"vc_column-inner vc_custom_1729592801790\"><div class=\"wpb_wrapper\"><div class=\"last-paragraph-no-margin\"><p><span class=\"alt-font text-uppercase font-weight-600 text-extra-small text-extra-dark-gray letter-spacing-1 margin-25px-bottom xs-no-margin-bottom display-block xs-display-table sm-opacity10 parallax-category-text\" style=\"color: #ffffff;\">CAMPA\u00d1AS DE COMUNICACI\u00d3N<\/span><\/p>\n<\/div><div class=\"last-paragraph-no-margin\"><p><a class=\"text-extra-large alt-font text-extra-dark-gray bg-white parallax-title no-margin-bottom\" href=\"https:\/\/3ddb.es\/index.php\/portfolio\/mini-portfolio\/\">MINI<\/a><\/p>\n<\/div><a  href=\" https:\/\/3ddb.es\/index.php\/portfolio\/mini-portfolio\/\" target=\"_self\" class=\"btn pofo-button-11 button-style1  btn-dark-gray\" ><i class=\" icon-small  margin-5px-right no-margin-left\" aria-hidden=\"true\"><\/i>VER PROYECYO<\/a><\/div><\/div><\/div><\/section><div class=\"vc_row-full-width vc_clearfix\"><\/div>\n","protected":false},"excerpt":{"rendered":"GR\u00c1FICA PROMOCIONAL Grupo Unidad Editorial VER PROYECTODISE\u00d1O EDITORIAL + LIBRO Amadeus \u00ab30 a\u00f1os\u00bb VER PROYECTOIDENTIDAD CORPORATIVA CRDO Bierzo VER PROYECTOIDENTIDAD CORPORATIVA + CREATIVIDAD PUBLICITARIA BMW Motorrad VER PROYECTODISE\u00d1O EDITORIAL + INFORME ANUAL Atresmedia VER PROYECTODISE\u00d1O EDITORIAL + INFORME ANUAL Xunta de Galicia VER PROYECTOIDENTIDAD CORPORATIVA + CREATIVIDAD PUBLICITARIA Port Adriano VER PROYECTOETIQUETAS PARA ENVASES Packaging VER PROYECTOCREATIVIDAD PUBLICITARIA La Tienda en Casa VER PROYECTOCAMPA\u00d1AS DE COMUNICACI\u00d3N Comunidad de Madrid VER PROYECTOCAMPA\u00d1AS DE COMUNICACI\u00d3N MINI VER PROYECYO","protected":false},"author":1,"featured_media":0,"parent":0,"menu_order":0,"comment_status":"closed","ping_status":"closed","template":"","meta":[],"_links":{"self":[{"href":"https:\/\/3ddb.es\/index.php\/wp-json\/wp\/v2\/pages\/21683"}],"collection":[{"href":"https:\/\/3ddb.es\/index.php\/wp-json\/wp\/v2\/pages"}],"about":[{"href":"https:\/\/3ddb.es\/index.php\/wp-json\/wp\/v2\/types\/page"}],"author":[{"embeddable":true,"href":"https:\/\/3ddb.es\/index.php\/wp-json\/wp\/v2\/users\/1"}],"replies":[{"embeddable":true,"href":"https:\/\/3ddb.es\/index.php\/wp-json\/wp\/v2\/comments?post=21683"}],"version-history":[{"count":60,"href":"https:\/\/3ddb.es\/index.php\/wp-json\/wp\/v2\/pages\/21683\/revisions"}],"predecessor-version":[{"id":24200,"href":"https:\/\/3ddb.es\/index.php\/wp-json\/wp\/v2\/pages\/21683\/revisions\/24200"}],"wp:attachment":[{"href":"https:\/\/3ddb.es\/index.php\/wp-json\/wp\/v2\/media?parent=21683"}],"curies":[{"name":"wp","href":"https:\/\/api.w.org\/{rel}","templated":true}]}}