{"id":21310,"date":"2018-02-26T23:44:19","date_gmt":"2018-02-26T23:44:19","guid":{"rendered":"https:\/\/3ddb.es\/?page_id=21310"},"modified":"2020-08-12T10:58:32","modified_gmt":"2020-08-12T10:58:32","slug":"desarrollo-logotipo-bo-bierzo","status":"publish","type":"page","link":"https:\/\/3ddb.es\/index.php\/desarrollo-logotipo-bo-bierzo\/","title":{"rendered":"Desarrollo Logotipo BO Bierzo"},"content":{"rendered":"<section data-vc-full-width=\"true\" data-vc-full-width-init=\"false\" data-vc-stretch-content=\"true\" data-stellar-background-ratio=\"0.5\" class=\"vc_row wpb_row vc_row-fluid  vc_custom_1519682905297 vc_row-has-fill pofo-stretch-content vc_row-no-padding vc_row-o-full-height vc_row-o-columns-middle vc_row-flex parallax\" style=\"min-height: 800px;\"><div class=\"bg-extra-dark-gray bg-overlay\" style=\"opacity:0.6; background-color:#000000; \"><\/div><div class=\"wpb_column vc_column_container vc_col-sm-12  col-xs-mobile-fullwidth text-center\"><div class=\"vc_column-inner \"><div class=\"wpb_wrapper\"><h2 class=\"text-extra-dark-gray margin-20px-bottom font-weight-600 display-inline-block alt-font heading-style2  heading-1\"  style=\"color: #ffffff;\">Dise\u00f1o de la nueva marca<br \/>Consejo Regulador DO Bierzo<\/h2><\/div><\/div><\/div><\/section><div class=\"vc_row-full-width vc_clearfix\"><\/div><section class=\"vc_row wpb_row vc_row-fluid\"><div class=\"wpb_column vc_column_container vc_col-sm-1  col-xs-mobile-fullwidth\"><div class=\"vc_column-inner \"><div class=\"wpb_wrapper\"><\/div><\/div><\/div><div class=\"wpb_column vc_column_container vc_col-sm-10  col-xs-mobile-fullwidth\"><div class=\"vc_column-inner \"><div class=\"wpb_wrapper\"><h5 class=\"text-extra-dark-gray margin-20px-bottom font-weight-600 display-inline-block alt-font heading-style2  heading-2\"  style=\"color: #000000;\">Una nueva imagen para los vinos del Bierzo<\/h5><div class=\"last-paragraph-no-margin\" style=\"color: #565656;\"><p class=\"p1\" style=\"text-align: left; font-size: 18px;\"><span class=\"s1\">El proceso de construcci\u00f3n de la marca consisti\u00f3 en un an\u00e1lisis de las caracter\u00edsticas m\u00e1s singulares de la comarca, estudiando sus condiciones naturales como terreno, clima, paisaje, geograf\u00eda y morfolog\u00eda, sus antecedentes hist\u00f3ricos y culturales, los factores humanos y las funciones y aspiraciones de la entidad como \u00f3rgano de control.<\/span><\/p>\n<\/div><\/div><\/div><\/div><div class=\"wpb_column vc_column_container vc_col-sm-1  col-xs-mobile-fullwidth\"><div class=\"vc_column-inner \"><div class=\"wpb_wrapper\"><\/div><\/div><\/div><\/section><section data-vc-full-width=\"true\" data-vc-full-width-init=\"false\" data-vc-stretch-content=\"true\" class=\"vc_row wpb_row vc_row-fluid  vc_custom_1519684947751 vc_row-has-fill pofo-stretch-content vc_row-o-equal-height vc_row-o-content-middle vc_row-flex\"><div class=\"wpb_column vc_column_container vc_col-has-fill vc_col-sm-6 vc_col-md-6 col-xs-mobile-fullwidth wow slideInLeft\"><div class=\"vc_column-inner cover-background bg-position-center-center vc_custom_1519685161237\"><div class=\"wpb_wrapper\"><\/div><\/div><\/div><div class=\"wpb_column vc_column_container vc_col-sm-6 vc_col-md-6 col-xs-mobile-fullwidth wow slideInRight\"><div class=\"vc_column-inner vc_custom_1519685084902\"><div class=\"wpb_wrapper\"><h5 class=\"text-extra-dark-gray margin-20px-bottom font-weight-600 display-inline-block alt-font heading-style2  heading-3\"  style=\"color: #cecece;\">\u201cHoy en d\u00eda nuestro objetivo es compartir El Bierzo con vosotros y que aprend\u00e1is a amarlo desde la tierra para comprender el origen como un factor definitorio en el progreso humano\u201d.<\/h5><div class=\"last-paragraph-no-margin\" style=\"color: #cecece;\"><p>Despu\u00e9s de la fase de investigaci\u00f3n sintetizamos las se\u00f1as de identidad m\u00e1s relevantes que definen \u00abel Bierzo\u00bb comenzando por su particular delimitaci\u00f3n geogr\u00e1fica y las condiciones especiales del terreno, la diversidad natural, el contraste y la riqueza de matices, el v\u00ednculo emocional con la tierra, el respeto de las tradiciones y herencia recibida, la mirada al futuro y el progreso constante, la excelencia y singularidad de los vinos y, por supuesto, la funci\u00f3n b\u00e1sica de control del Consejo.<\/p>\n<p>Tierra, sensaci\u00f3n, emoci\u00f3n, historia, futuro, car\u00e1cter, protecci\u00f3n&#8230; los rasgos singulares de la comarca empezaban a dibujarse como emergentes visuales de base para el planteo del proyecto.<\/p>\n<\/div><\/div><\/div><\/div><\/section><div class=\"vc_row-full-width vc_clearfix\"><\/div><section class=\"vc_row wpb_row vc_row-fluid\"><div class=\"wpb_column vc_column_container vc_col-sm-1  col-xs-mobile-fullwidth\"><div class=\"vc_column-inner \"><div class=\"wpb_wrapper\"><\/div><\/div><\/div><div class=\"wpb_column vc_column_container vc_col-sm-10  col-xs-mobile-fullwidth\"><div class=\"vc_column-inner \"><div class=\"wpb_wrapper\"><h6 class=\"text-extra-dark-gray margin-20px-bottom font-weight-600 display-inline-block alt-font heading-style2  heading-4\"  style=\"color: #000000;\">El isologotipo que desarrollamos para representar al Consejo Regulador contempla varios aspectos identitarios del Bierzo:<\/h6><div class=\"last-paragraph-no-margin\" style=\"color: #565656;\"><p class=\"p1\" style=\"text-align: left; font-size: 18px;\"><span class=\"s1\"><b>DELIMITACI\u00d3N GEOGR\u00c1FICA DE LA REGI\u00d3N<br \/>\n<\/b><\/span><\/p>\n<p class=\"p1\" style=\"text-align: left; font-size: 15px;\"><span class=\"s1\">La estructura del s\u00edmbolo refiere a las particularidades del terreno. La comarca del Bierzo es una gran <b>hoya tect\u00f3nica <\/b>rodeada por una <b>corona monta\u00f1osa <\/b>(barrera natural) que la protege y delimita geogr\u00e1ficamente. Esta barrera influye notoriamente en el microclima de la zona haci\u00e9ndolo muy diferenciado, especial y adecuado para los cultivos de la zona.<\/span><\/p>\n<p class=\"p1\" style=\"text-align: left; font-size: 18px;\"><span class=\"s1\"><b>CONDICIONES ESPECIALES DEL TERRENO<br \/>\n<\/b><\/span><\/p>\n<p class=\"p1\" style=\"text-align: left; font-size: 15px;\"><span class=\"s1\">Los tres componentes del icono representan los <b>tres tipos de accidentes geogr\u00e1ficos <\/b>(paisajes muy diferentes) que enmarcan y protegen la comarca: la monta\u00f1a, el valle y la llanura.<\/span><\/p>\n<ul style=\"text-align: left; font-size: 15px;\">\n<li>La monta\u00f1a, con picos que sobrepasan los 2.000 m de altitud<\/li>\n<li>Valles y tierras de altitud media donde se han formado terrazas de forma natural<\/li>\n<li>Una amplia y llana depresi\u00f3n<\/li>\n<\/ul>\n<p class=\"p1\" style=\"text-align: left; font-size: 15px;\"><span class=\"s1\">Asimismo, estos tres tipos de terrenos determinan la ubicaci\u00f3n de las vi\u00f1as y la configuraci\u00f3n de los <b>tres tipos de cultivo principales:\u00a0<\/b><\/span><\/p>\n<ul style=\"text-align: left; font-size: 15px;\">\n<li>Terrazas con poca inclinaci\u00f3n pr\u00f3ximas a los r\u00edos<\/li>\n<li>Laderas semi abancaladas<\/li>\n<li>Terrenos de pronunciada inclinaci\u00f3n<\/li>\n<\/ul>\n<p class=\"p1\" style=\"text-align: left; font-size: 18px;\"><span class=\"s1\"><b>DIVERSIDAD Y CONTRASTE<br \/>\n<\/b><\/span><\/p>\n<p class=\"p1\" style=\"text-align: left; font-size: 15px;\"><span class=\"s1\">A trav\u00e9s de la <b>convergencia, integraci\u00f3n y superposici\u00f3n <\/b>entre s\u00ed de los tres planos y colores fundamentales que componen el logotipo se plasma la diversidad natural, paisaj\u00edstica, clim\u00e1tica, geogr\u00e1fica y geol\u00f3gica del entorno, la gran riqueza de contrastes entre la monta\u00f1a y el valle, la variedad de cultivos y el contraste crom\u00e1tico de los diferentes espacios naturales.<\/span><\/p>\n<\/div>[vc_single_image image=\u00bb21318&#8243; img_size=\u00bbfull\u00bb alignment=\u00bbcenter\u00bb style=\u00bbvc_box_rounded\u00bb css_animation=\u00bbnone\u00bb css=\u00bb.vc_custom_1519688247834{margin-top: 60px !important;margin-bottom: 60px !important;}\u00bb]<div class=\"last-paragraph-no-margin\" style=\"color: #565656;\"><p class=\"p1\" style=\"text-align: left; font-size: 18px;\"><span class=\"s1\"><b>V\u00cdNCULO EMOCIONAL CON LA TIERRA<br \/>\n<\/b><\/span><\/p>\n<p class=\"p1\" style=\"text-align: left; font-size: 15px;\"><span class=\"s1\">El v\u00ednculo forjado desde hace siglos y la relaci\u00f3n estrecha entre el hombre y el vi\u00f1edo, un trabajo de laboreo mayoritariamente manual y tradicional, realizado desde el cari\u00f1o y el afecto, se intuyen a trav\u00e9s de la forma de <b>coraz\u00f3n <\/b>que dibuja el contorno del s\u00edmbolo: un coraz\u00f3n que es la representaci\u00f3n del amor y la pasi\u00f3n por la tierra, por los vi\u00f1edos, por la regi\u00f3n; un coraz\u00f3n que es reflejo del valor de comunidad, de esfuerzo colectivo, de gente de pueblo, el laboreo de peque\u00f1os minifundios, de econom\u00eda de subsistencia, de esp\u00edritu de cooperaci\u00f3n y dedicaci\u00f3n de toda la comarca. El icono intenta transmitir el factor humano, la reconocida amabilidad y hospitalidad de sus gentes, muy emprendedoras y notablemente apegadas a su tierra, que creen en lo que hacen y cada d\u00eda se esfuerzan por conseguir entusiasmar y enamorar a todos aquellos que la visitan, prueban sus productos o tienen alguna experiencia con el Bierzo.<\/span><\/p>\n<p class=\"p1\" style=\"text-align: left; font-size: 18px;\"><span class=\"s1\"><b>PROGRESO Y TRADICI\u00d3N<br \/>\n<\/b><\/span><\/p>\n<p class=\"p1\" style=\"text-align: left; font-size: 15px;\"><span class=\"s1\">La conjunci\u00f3n de estos dos conceptos pueden intuirse impl\u00edcitamente en las <b>dos direcciones <\/b>u orientaciones de los trazos del icono: una de abajo hacia arriba, y de izquierda a derecha, en sentido expansivo, creciente, que nos habla de la mirada al futuro, del progreso constante, de la inmejorable evoluci\u00f3n en los resultados, de la proyecci\u00f3n hacia adelante y de los objetivos de crecimiento; y otra de arriba hacia abajo, hacia el interior de la figura, que nos transmite el cuidado y respeto de la tradici\u00f3n, del legado hist\u00f3rico, del patrimonio, del aprendizaje de generaciones pasadas y de una intenci\u00f3n de preservar la herencia cultural recibida durante siglos.<\/span><\/p>\n<p class=\"p1\" style=\"text-align: left; font-size: 18px;\"><span class=\"s1\"><b>LA FUNCI\u00d3N B\u00c1SICA DE CONTROL<br \/>\n<\/b><\/span><\/p>\n<p class=\"p1\" style=\"text-align: left; font-size: 15px;\"><span class=\"s1\">El Consejo Regulador nace a trav\u00e9s de la iniciativa de los bodegueros y viticultores del Bierzo como un \u00f3rgano de control necesario para la regulaci\u00f3n, reglamentaci\u00f3n y certificaci\u00f3n de la producci\u00f3n y el fomento de la comercializaci\u00f3n y promoci\u00f3n de los excelentes vinos bercianos, a fin de mejorar y preservar su calidad y personalidad \u00fanica, debido al importante crecimiento econ\u00f3mico del sector. Se ocupa de velar por el cumplimiento de su Reglamento donde se establecen, entre otros, los requisitos de laboreo, control y producci\u00f3n de los vinos del Bierzo amparados bajo la D.O.<br \/>\nEste objetivo del Consejo est\u00e1 sugerido sutilmente en la figura a trav\u00e9s de <b>dos brazos abiertos <\/b>que se extienden hacia afuera y se recogen hacia adentro, envolvi\u00e9ndose, en actitud protectora, de amparo y cuidado, de especial atenci\u00f3n y vigilancia por el bienestar de los suyos.<\/span><\/p>\n<\/div>[vc_single_image image=\u00bb21319&#8243; img_size=\u00bbfull\u00bb alignment=\u00bbcenter\u00bb style=\u00bbvc_box_rounded\u00bb css_animation=\u00bbnone\u00bb css=\u00bb.vc_custom_1519688274020{margin-top: 60px !important;margin-bottom: 60px !important;}\u00bb]<div class=\"last-paragraph-no-margin\" style=\"color: #565656;\"><p class=\"p1\" style=\"text-align: left; font-size: 18px;\"><span class=\"s1\"><b>EL ASPECTO HUMANO Y EL \u00c9NFASIS DE LA PERSONALIDAD<\/b><\/span><\/p>\n<p class=\"p1\" style=\"text-align: left; font-size: 15px;\"><span class=\"s1\">La <b>tipograf\u00eda <\/b>que escribe el nombre \u00abBierzo\u00bb es un trazo amable, cordial, flexible y evidencia la vinculaci\u00f3n de las personas con el vi\u00f1edo, el valor de sus gentes y el trabajo hecho con pasi\u00f3n; conservando igualmente la estabilidad, la responsabilidad y la formalidad propia de un organismo regulador. Adem\u00e1s, es un tipo de letra con personalidad propia, singular, con rasgos diferenciados (no seriada ni impersonal) para acentuar lo especial de su condici\u00f3n.<\/span><\/p>\n<p class=\"p1\" style=\"text-align: left; font-size: 18px;\"><span class=\"s1\"><b>COMPLEJIDAD, SENSACIONES, RIQUEZA DE MATICES, GASTRONOM\u00cdA<\/b><\/span><\/p>\n<p class=\"p1\" style=\"text-align: left; font-size: 15px;\"><span class=\"s1\">La forma final nos sugiere tambi\u00e9n la silueta de un <b>fruto, <\/b>la uva principalmente, en sus variedades aut\u00f3ctonas Godello y Menc\u00eda, pero tambi\u00e9n asociada a otros frutales y productos t\u00edpicos de la zona, como la casta\u00f1a, la manzana reineta, la pera conferencia, la cereza, la casta\u00f1a&#8230; Incluso puede asociarse a una variedad de <b>flor, <\/b>es decir, una forma natural, org\u00e1nica, propia del paisaje y de sus huertas. Los <b>colores <\/b>nos evocan sensaciones golosas, dulces y arom\u00e1ticas, refrescantes, deliciosas y perfumadas y, a la vez, nos insin\u00faan la complejidad y la riqueza de matices que podemos encontrar en los vinos del Bierzo.<\/span><\/p>\n<p class=\"p1\" style=\"text-align: left; font-size: 18px;\"><span class=\"s1\"><b>SINGULARIDAD Y CAR\u00c1CTER PERSONAL<\/b><\/span><\/p>\n<p class=\"p1\" style=\"text-align: left; font-size: 15px;\"><span class=\"s1\">Por \u00faltimo, y para remarcar la singularidad de estos vinos con terru\u00f1o y el car\u00e1cter \u00fanico y especial del Bierzo y de sus productos, puede observarse una <b>letra \u00abB\u00bb <\/b>en la silueta del icono reafirmando la personalidad tan especial, exclusiva y diferenciada por medio de la inicial de su nombre propio que recalcalca su identidad con orgullo.<\/span><\/p>\n<\/div>[vc_single_image image=\u00bb21320&#8243; img_size=\u00bbfull\u00bb alignment=\u00bbcenter\u00bb css_animation=\u00bbnone\u00bb css=\u00bb.vc_custom_1519688185936{margin-top: 60px !important;margin-bottom: 60px !important;}\u00bb][vc_single_image image=\u00bb21321&#8243; img_size=\u00bbfull\u00bb alignment=\u00bbcenter\u00bb css_animation=\u00bbnone\u00bb css=\u00bb.vc_custom_1519688175628{margin-top: 60px !important;margin-bottom: 60px !important;}\u00bb]<\/div><\/div><\/div><div class=\"wpb_column vc_column_container vc_col-sm-1  col-xs-mobile-fullwidth\"><div class=\"vc_column-inner \"><div class=\"wpb_wrapper\"><\/div><\/div><\/div><\/section><section data-vc-full-width=\"true\" data-vc-full-width-init=\"false\" data-vc-stretch-content=\"true\" class=\"vc_row wpb_row vc_row-fluid  vc_custom_1519684947751 vc_row-has-fill pofo-stretch-content vc_row-o-equal-height vc_row-o-content-middle vc_row-flex\"><div class=\"wpb_column vc_column_container vc_col-sm-6 vc_col-md-6 col-xs-mobile-fullwidth wow slideInLeft\"><div class=\"vc_column-inner vc_custom_1519686252548\"><div class=\"wpb_wrapper\"><h5 class=\"text-extra-dark-gray margin-20px-bottom font-weight-600 display-inline-block alt-font heading-style2  heading-5\"  style=\"color: #cecece;\">La marca resulta equilibrada, fresca, legible, din\u00e1mica, limpia, clara, elegante, ligera, vers\u00e1til, sugerente, org\u00e1nica y vigorosa, adaptada a un nuevo lenguaje visual m\u00e1s sint\u00e9tico, conceptual y est\u00e9tico.<\/h5><div class=\"last-paragraph-no-margin\" style=\"color: #cecece;\"><p>El isologotipo se ajusta a los aspectos t\u00e9cnicos, formales y expresivos\u00a0que debe cumplir una marca:<br \/>\n<b>Simplicidad: <\/b>econom\u00eda de elementos, s\u00edntesis<br \/>\n<b>Pregnancia: <\/b>contraste, fuerza \u00f3ptica, impacto<br \/>\n<b>Composici\u00f3n: <\/b>estructura, equilibrio, estabilidad, tensi\u00f3n<br \/>\n<b>Originalidad: <\/b>diferenciaci\u00f3n, ocurrencia, personalidad<br \/>\n<b>Fascinanci\u00f3n: <\/b>estilo, cualidad est\u00e9tica, capacidad de atracci\u00f3n<br \/>\n<b>Denotaci\u00f3n: <\/b>mensaje claro, expresi\u00f3n inequ\u00edvoca de la actividad de la empresa<br \/>\n<b>Connotaci\u00f3n: <\/b>evocaci\u00f3n, sugerencia y abstracci\u00f3n de valores propios<br \/>\n<b>Memorizaci\u00f3n: <\/b>recordaci\u00f3n, reconstrucci\u00f3n mental<br \/>\n<b>Versatilidad: <\/b>aplicaci\u00f3n en variedades de soportes, adaptabilidad<\/p>\n<\/div><\/div><\/div><\/div><div class=\"wpb_column vc_column_container vc_col-has-fill vc_col-sm-6 vc_col-md-6 col-xs-mobile-fullwidth wow slideInRight\"><div class=\"vc_column-inner bg-position-center-center vc_custom_1592824932452\"><div class=\"wpb_wrapper\"><\/div><\/div><\/div><\/section><div class=\"vc_row-full-width vc_clearfix\"><\/div><section class=\"vc_row wpb_row vc_row-fluid\"><div class=\"wpb_column vc_column_container vc_col-sm-1  col-xs-mobile-fullwidth\"><div class=\"vc_column-inner \"><div class=\"wpb_wrapper\"><\/div><\/div><\/div><div class=\"wpb_column vc_column_container vc_col-sm-10  col-xs-mobile-fullwidth\"><div class=\"vc_column-inner \"><div class=\"wpb_wrapper\"><div class=\"last-paragraph-no-margin\" style=\"color: #000000;\"><p><b>USOS Y APLICACIONES<br \/>\n<\/b>El proyecto de identidad tambi\u00e9n incluye la preparaci\u00f3n de los formatos y versiones crom\u00e1ticas para adaptarse a los distintos soportes, as\u00ed como las condiciones de aplicaci\u00f3n y normativas de uso para garantizar la eficacia identificativa de la marca y su correcta reproducci\u00f3n.<\/p>\n<\/div>[vc_single_image image=\u00bb21323&#8243; img_size=\u00bbfull\u00bb alignment=\u00bbcenter\u00bb css_animation=\u00bbnone\u00bb css=\u00bb.vc_custom_1519688165492{margin-top: 60px !important;margin-bottom: 60px !important;}\u00bb]<\/div><\/div><\/div><div class=\"wpb_column vc_column_container vc_col-sm-1  col-xs-mobile-fullwidth\"><div class=\"vc_column-inner \"><div class=\"wpb_wrapper\"><\/div><\/div><\/div><\/section><section data-vc-full-width=\"true\" data-vc-full-width-init=\"false\" data-vc-stretch-content=\"true\" class=\"vc_row wpb_row vc_row-fluid  vc_custom_1519688525175 cover-background bg-position-center-center vc_row-has-fill pofo-stretch-content vc_row-o-content-middle vc_row-flex\" style=\"min-height: 700px;\"><div class=\"bg-extra-dark-gray bg-overlay\" style=\"opacity:0.5; background-color:#000000; \"><\/div><div class=\"wpb_column vc_column_container vc_col-sm-12  col-xs-mobile-fullwidth text-center\"><div class=\"vc_column-inner \"><div class=\"wpb_wrapper\"><a  href=\"https:\/\/youtu.be\/JCBm5nD3BP8\" target=\"_blank\" class=\"btn pofo-button-1 button-style5  btn-dark-gray btn-rounded  btn-extra-large  vc_custom_1592826068713\" >Ver presentaci\u00f3n<i class=\"fa fa-chevron-circle-right   margin-5px-left no-margin-right\" aria-hidden=\"true\" style=\"color:#dd9933;\" ><\/i><\/a><\/div><\/div><\/div><\/section><div class=\"vc_row-full-width vc_clearfix\"><\/div><section class=\"vc_row wpb_row vc_row-fluid\"><div class=\"wpb_column vc_column_container vc_col-sm-12  col-xs-mobile-fullwidth text-center\"><div class=\"vc_column-inner \"><div class=\"wpb_wrapper\"><a  href=\"https:\/\/3ddb.es\/index.php\/portfolio\/el-bierzo\/\" target=\"_self\" class=\"btn pofo-button-2 button-style1  btn-dark-gray  btn-medium \" ><i class=\"fa fa-angle-double-left   margin-5px-right no-margin-left\" aria-hidden=\"true\"><\/i>VOLVER<\/a><\/div><\/div><\/div><\/section>\n","protected":false},"excerpt":{"rendered":"Dise\u00f1o de la nueva marcaConsejo Regulador DO BierzoUna nueva imagen para los vinos del BierzoEl proceso de construcci\u00f3n de la marca consisti\u00f3 en un an\u00e1lisis de las caracter\u00edsticas m\u00e1s singulares de la comarca, estudiando sus condiciones naturales como terreno, clima, paisaje, geograf\u00eda y morfolog\u00eda, sus antecedentes hist\u00f3ricos y culturales, los factores humanos y las funciones y aspiraciones de la entidad como \u00f3rgano de control. \u201cHoy en d\u00eda nuestro objetivo es compartir El Bierzo con vosotros y que aprend\u00e1is a amarlo desde la tierra para comprender el origen como un factor definitorio en el progreso humano\u201d.Despu\u00e9s de la fase de investigaci\u00f3n sintetizamos las se\u00f1as de identidad m\u00e1s relevantes que definen \u00abel Bierzo\u00bb comenzando por su particular delimitaci\u00f3n geogr\u00e1fica y las condiciones especiales del terreno, la diversidad natural, el contraste y la riqueza de matices, el v\u00ednculo emocional con la tierra, el respeto de las tradiciones y herencia recibida, la mirada al futuro y el progreso constante, la excelencia y singularidad de los vinos y, por supuesto, la funci\u00f3n b\u00e1sica de control del Consejo. Tierra, sensaci\u00f3n, emoci\u00f3n, historia, futuro, car\u00e1cter, protecci\u00f3n... los rasgos singulares de la comarca empezaban a dibujarse como emergentes visuales de base para el planteo del proyecto. El isologotipo...","protected":false},"author":1,"featured_media":0,"parent":0,"menu_order":0,"comment_status":"closed","ping_status":"closed","template":"","meta":[],"_links":{"self":[{"href":"https:\/\/3ddb.es\/index.php\/wp-json\/wp\/v2\/pages\/21310"}],"collection":[{"href":"https:\/\/3ddb.es\/index.php\/wp-json\/wp\/v2\/pages"}],"about":[{"href":"https:\/\/3ddb.es\/index.php\/wp-json\/wp\/v2\/types\/page"}],"author":[{"embeddable":true,"href":"https:\/\/3ddb.es\/index.php\/wp-json\/wp\/v2\/users\/1"}],"replies":[{"embeddable":true,"href":"https:\/\/3ddb.es\/index.php\/wp-json\/wp\/v2\/comments?post=21310"}],"version-history":[{"count":67,"href":"https:\/\/3ddb.es\/index.php\/wp-json\/wp\/v2\/pages\/21310\/revisions"}],"predecessor-version":[{"id":23236,"href":"https:\/\/3ddb.es\/index.php\/wp-json\/wp\/v2\/pages\/21310\/revisions\/23236"}],"wp:attachment":[{"href":"https:\/\/3ddb.es\/index.php\/wp-json\/wp\/v2\/media?parent=21310"}],"curies":[{"name":"wp","href":"https:\/\/api.w.org\/{rel}","templated":true}]}}